{"id":5105,"date":"2020-10-20T12:30:22","date_gmt":"2020-10-20T10:30:22","guid":{"rendered":"https:\/\/www.climed.tn\/?post_type=product&#038;p=5105"},"modified":"2020-10-20T12:32:01","modified_gmt":"2020-10-20T10:32:01","slug":"kcc-320-temperature-hygrometrie-pression-atmospherique-co2","status":"publish","type":"product","link":"https:\/\/www.climed.tn\/?product=kcc-320-temperature-hygrometrie-pression-atmospherique-co2","title":{"rendered":"KCC 320 : Temp\u00e9rature \/ Hygrom\u00e9trie \/ Pression atmosph\u00e9rique \/ CO2"},"content":{"rendered":"<p><span>Communication Bluetooth\u00ae pour smartphones et tablettes (Android et iOS)<\/span><br \/>\n<span>Grande capacit\u00e9 m\u00e9moire de 2 millions de points<\/span><br \/>\n<span>Grand afficheur LCD 2 lignes<\/span><br \/>\n<span>Possibilit\u00e9 d\u2019enregistrement de 4 param\u00e8tres en simultan\u00e9<\/span><br \/>\n<span>Livr\u00e9 avec support mural anti-vol avec cadenas<\/span><br \/>\n<span>Logiciel de base t\u00e9l\u00e9chargeable gratuitement<\/span><\/p>\n","protected":false},"excerpt":{"rendered":"<p><span>Un enregistreur autonome est un appareil \u00e9lectronique qui enregistre des donn\u00e9es dans la dur\u00e9e. Ce type d\u2019instrument est tr\u00e8s utilis\u00e9 dans l\u2019agroalimentaire, l\u2019industrie et les laboratoires pharmaceutiques, afin de surveiller de multiples param\u00e8tres. Pour mesurer avec pr\u00e9cision le CO2, l\u2019humidit\u00e9, la temp\u00e9rature et la pression atmosph\u00e9rique, l\u2019enregistreur autonome de qualit\u00e9 d\u2019air KCC 320 Bluetooth\u00ae est l\u2019appareil qu\u2019il vous faut. Il mesure simultan\u00e9ment jusqu\u2019\u00e0 quatre param\u00e8tres enregistrables.<\/span><\/p>\n","protected":false},"featured_media":5108,"template":"","meta":[],"product_brand":[],"product_cat":[74,112],"product_tag":[],"class_list":{"0":"post-5105","1":"product","2":"type-product","3":"status-publish","4":"has-post-thumbnail","6":"product_cat-enregistreurs","7":"product_cat-enregistreurs-autonomes","9":"first","10":"instock","11":"shipping-taxable","12":"product-type-simple"},"_links":{"self":[{"href":"https:\/\/www.climed.tn\/index.php?rest_route=\/wp\/v2\/product\/5105","targetHints":{"allow":["GET"]}}],"collection":[{"href":"https:\/\/www.climed.tn\/index.php?rest_route=\/wp\/v2\/product"}],"about":[{"href":"https:\/\/www.climed.tn\/index.php?rest_route=\/wp\/v2\/types\/product"}],"wp:featuredmedia":[{"embeddable":true,"href":"https:\/\/www.climed.tn\/index.php?rest_route=\/wp\/v2\/media\/5108"}],"wp:attachment":[{"href":"https:\/\/www.climed.tn\/index.php?rest_route=%2Fwp%2Fv2%2Fmedia&parent=5105"}],"wp:term":[{"taxonomy":"product_brand","embeddable":true,"href":"https:\/\/www.climed.tn\/index.php?rest_route=%2Fwp%2Fv2%2Fproduct_brand&post=5105"},{"taxonomy":"product_cat","embeddable":true,"href":"https:\/\/www.climed.tn\/index.php?rest_route=%2Fwp%2Fv2%2Fproduct_cat&post=5105"},{"taxonomy":"product_tag","embeddable":true,"href":"https:\/\/www.climed.tn\/index.php?rest_route=%2Fwp%2Fv2%2Fproduct_tag&post=5105"}],"curies":[{"name":"wp","href":"https:\/\/api.w.org\/{rel}","templated":true}]}}