{"id":5051,"date":"2020-10-19T17:57:14","date_gmt":"2020-10-19T15:57:14","guid":{"rendered":"https:\/\/www.climed.tn\/?post_type=product&#038;p=5051"},"modified":"2020-10-19T17:57:17","modified_gmt":"2020-10-19T15:57:17","slug":"minihelic-serie-2-5000-manometres-a-aiguille-basse-pression-differentielle","status":"publish","type":"product","link":"https:\/\/www.climed.tn\/?product=minihelic-serie-2-5000-manometres-a-aiguille-basse-pression-differentielle","title":{"rendered":"Minih\u00e9lic s\u00e9rie 2-5000 : Manom\u00e8tres \u00e0 aiguille basse pression diff\u00e9rentielle"},"content":{"rendered":"<p><span>Manom\u00e8tres \u00e0 aiguille basse pression diff\u00e9rentielle, \u00d8 74 mm, livr\u00e9s avec raccords et accessoires pour montage encastr\u00e9<\/span><br \/>\n<span>Lecture rapide d&#8217;une indication de pression dans un encombrement restreint<\/span><br \/>\n<span>Pression de service : des deux c\u00f4t\u00e9s en service continu 100 kPa maximum<\/span><br \/>\n<span>\u00c9chelle existante (en Pa) : 0-125, 0-250, 0-500<\/span><br \/>\n<span>Pr\u00e9cision : \u00b15 % de la pleine \u00e9chelle (\u00e0 21 \u00b0C)<\/span><br \/>\n<span>Versions sp\u00e9ciales : 270 kPa (suffixe MP), 550 kPa (suffixe HP)<\/span><\/p>\n","protected":false},"excerpt":{"rendered":"<p><span>Les manom\u00e8tres \u00e0 aiguille basse pression diff\u00e9rentielle Minih\u00e9lic s\u00e9rie 2-5000 Kimo\u00a0permettent les mesures de pression, d\u00e9pression, pression diff\u00e9rentielle et vitesse d\u2019air via tube de Pitot.<\/span><\/p>\n","protected":false},"featured_media":5052,"template":"","meta":[],"product_brand":[],"product_cat":[15,109],"product_tag":[],"class_list":{"0":"post-5051","1":"product","2":"type-product","3":"status-publish","4":"has-post-thumbnail","6":"product_cat-manometres","7":"product_cat-manometres-a-auiguille","9":"first","10":"instock","11":"shipping-taxable","12":"product-type-simple"},"_links":{"self":[{"href":"https:\/\/www.climed.tn\/index.php?rest_route=\/wp\/v2\/product\/5051","targetHints":{"allow":["GET"]}}],"collection":[{"href":"https:\/\/www.climed.tn\/index.php?rest_route=\/wp\/v2\/product"}],"about":[{"href":"https:\/\/www.climed.tn\/index.php?rest_route=\/wp\/v2\/types\/product"}],"wp:featuredmedia":[{"embeddable":true,"href":"https:\/\/www.climed.tn\/index.php?rest_route=\/wp\/v2\/media\/5052"}],"wp:attachment":[{"href":"https:\/\/www.climed.tn\/index.php?rest_route=%2Fwp%2Fv2%2Fmedia&parent=5051"}],"wp:term":[{"taxonomy":"product_brand","embeddable":true,"href":"https:\/\/www.climed.tn\/index.php?rest_route=%2Fwp%2Fv2%2Fproduct_brand&post=5051"},{"taxonomy":"product_cat","embeddable":true,"href":"https:\/\/www.climed.tn\/index.php?rest_route=%2Fwp%2Fv2%2Fproduct_cat&post=5051"},{"taxonomy":"product_tag","embeddable":true,"href":"https:\/\/www.climed.tn\/index.php?rest_route=%2Fwp%2Fv2%2Fproduct_tag&post=5051"}],"curies":[{"name":"wp","href":"https:\/\/api.w.org\/{rel}","templated":true}]}}