{"id":5044,"date":"2020-10-19T17:44:55","date_gmt":"2020-10-19T15:44:55","guid":{"rendered":"https:\/\/www.climed.tn\/?post_type=product&#038;p=5044"},"modified":"2020-10-19T17:46:18","modified_gmt":"2020-10-19T15:46:18","slug":"serie-gf-manometres-a-colonne-de-liquide-verticale","status":"publish","type":"product","link":"https:\/\/www.climed.tn\/?product=serie-gf-manometres-a-colonne-de-liquide-verticale","title":{"rendered":"S\u00e9rie GF : Manom\u00e8tres \u00e0 colonne de liquide verticale"},"content":{"rendered":"<p><span>Colonne en \u00ab U \u00bb permettant des mesures de pression cons\u00e9cutivement positives et n\u00e9gatives<\/span><br \/>\n<span>Possibilit\u00e9 de r\u00e9sister \u00e0 des pressions statiques de plus de 10 bar<\/span><br \/>\n<span>Ajustement du z\u00e9ro par d\u00e9placement de la r\u00e9glette mobile<\/span><br \/>\n<span>Mesure par addition des valeurs lues sur chaque colonne<\/span><br \/>\n<span>Utilisation en poste fixe ou transportable<\/span><br \/>\n<span>Livr\u00e9s avec flacon de liquide manom\u00e9trique, deux vis et deux chevilles de fixation<\/span><\/p>\n","protected":false},"excerpt":{"rendered":"<p><span>Les appareils de la s\u00e9rie GF Kimo\u00a0sont des manom\u00e8tres \u00e0 colonne de liquide verticale qui permettent de contr\u00f4ler la pression sur les r\u00e9seaux de gaz<\/span><\/p>\n","protected":false},"featured_media":5045,"template":"","meta":[],"product_brand":[],"product_cat":[15,108],"product_tag":[],"class_list":{"0":"post-5044","1":"product","2":"type-product","3":"status-publish","4":"has-post-thumbnail","6":"product_cat-manometres","7":"product_cat-manometres-a-colonne-de-liquide","9":"first","10":"instock","11":"shipping-taxable","12":"product-type-simple"},"_links":{"self":[{"href":"https:\/\/www.climed.tn\/index.php?rest_route=\/wp\/v2\/product\/5044","targetHints":{"allow":["GET"]}}],"collection":[{"href":"https:\/\/www.climed.tn\/index.php?rest_route=\/wp\/v2\/product"}],"about":[{"href":"https:\/\/www.climed.tn\/index.php?rest_route=\/wp\/v2\/types\/product"}],"wp:featuredmedia":[{"embeddable":true,"href":"https:\/\/www.climed.tn\/index.php?rest_route=\/wp\/v2\/media\/5045"}],"wp:attachment":[{"href":"https:\/\/www.climed.tn\/index.php?rest_route=%2Fwp%2Fv2%2Fmedia&parent=5044"}],"wp:term":[{"taxonomy":"product_brand","embeddable":true,"href":"https:\/\/www.climed.tn\/index.php?rest_route=%2Fwp%2Fv2%2Fproduct_brand&post=5044"},{"taxonomy":"product_cat","embeddable":true,"href":"https:\/\/www.climed.tn\/index.php?rest_route=%2Fwp%2Fv2%2Fproduct_cat&post=5044"},{"taxonomy":"product_tag","embeddable":true,"href":"https:\/\/www.climed.tn\/index.php?rest_route=%2Fwp%2Fv2%2Fproduct_tag&post=5044"}],"curies":[{"name":"wp","href":"https:\/\/api.w.org\/{rel}","templated":true}]}}