{"id":5041,"date":"2020-10-19T17:40:44","date_gmt":"2020-10-19T15:40:44","guid":{"rendered":"https:\/\/www.climed.tn\/?post_type=product&#038;p=5041"},"modified":"2020-10-19T17:41:35","modified_gmt":"2020-10-19T15:41:35","slug":"serie-km-manometres-transportables-a-colonne-de-liquide-verticale","status":"publish","type":"product","link":"https:\/\/www.climed.tn\/?product=serie-km-manometres-transportables-a-colonne-de-liquide-verticale","title":{"rendered":"S\u00e9rie KM : Manom\u00e8tres transportables \u00e0 colonne de liquide verticale"},"content":{"rendered":"<p><span>Colonne en \u00ab U \u00bb permettant des mesures de pression et de d\u00e9pression<\/span><br \/>\n<span>Clapets de s\u00e9curit\u00e9 permettant le d\u00e9passement momentan\u00e9 de l&#8217;\u00e9chelle<\/span><br \/>\n<span>Livr\u00e9s avec manchons de raccordement, flacon de liquide manom\u00e9trique VOLT.1S et housse de transport<\/span><br \/>\n<span>Lecture directe par d\u00e9placement de la r\u00e9glette gradu\u00e9e<\/span><br \/>\n<span>\u00c9quip\u00e9s de raccords \u00e0 valve et crochet de fixation<\/span><\/p>\n","protected":false},"excerpt":{"rendered":"<p><span>Les appareils de la s\u00e9rie KM Kimo\u00a0sont des manom\u00e8tres transportables \u00e0 colonne de liquide verticale destin\u00e9s \u00e0 mesurer les faibles pressions sur les r\u00e9seaux de gaz. Faciles \u00e0 transporter, ils sont livr\u00e9s avec un flacon de liquide VOLT.1S.<\/span><\/p>\n","protected":false},"featured_media":5042,"template":"","meta":[],"product_brand":[],"product_cat":[15,108],"product_tag":[],"class_list":{"0":"post-5041","1":"product","2":"type-product","3":"status-publish","4":"has-post-thumbnail","6":"product_cat-manometres","7":"product_cat-manometres-a-colonne-de-liquide","9":"first","10":"instock","11":"shipping-taxable","12":"product-type-simple"},"_links":{"self":[{"href":"https:\/\/www.climed.tn\/index.php?rest_route=\/wp\/v2\/product\/5041","targetHints":{"allow":["GET"]}}],"collection":[{"href":"https:\/\/www.climed.tn\/index.php?rest_route=\/wp\/v2\/product"}],"about":[{"href":"https:\/\/www.climed.tn\/index.php?rest_route=\/wp\/v2\/types\/product"}],"wp:featuredmedia":[{"embeddable":true,"href":"https:\/\/www.climed.tn\/index.php?rest_route=\/wp\/v2\/media\/5042"}],"wp:attachment":[{"href":"https:\/\/www.climed.tn\/index.php?rest_route=%2Fwp%2Fv2%2Fmedia&parent=5041"}],"wp:term":[{"taxonomy":"product_brand","embeddable":true,"href":"https:\/\/www.climed.tn\/index.php?rest_route=%2Fwp%2Fv2%2Fproduct_brand&post=5041"},{"taxonomy":"product_cat","embeddable":true,"href":"https:\/\/www.climed.tn\/index.php?rest_route=%2Fwp%2Fv2%2Fproduct_cat&post=5041"},{"taxonomy":"product_tag","embeddable":true,"href":"https:\/\/www.climed.tn\/index.php?rest_route=%2Fwp%2Fv2%2Fproduct_tag&post=5041"}],"curies":[{"name":"wp","href":"https:\/\/api.w.org\/{rel}","templated":true}]}}