{"id":4971,"date":"2020-10-19T15:11:54","date_gmt":"2020-10-19T13:11:54","guid":{"rendered":"https:\/\/www.climed.tn\/?post_type=product&#038;p=4971"},"modified":"2020-10-19T15:13:08","modified_gmt":"2020-10-19T13:13:08","slug":"mp-120-manometre","status":"publish","type":"product","link":"https:\/\/www.climed.tn\/?product=mp-120-manometre","title":{"rendered":"MP 120 : Manom\u00e8tre"},"content":{"rendered":"<p><span>Gamme de mesure : pression : -1000 \u00e0 +1000 Pa, et vitesse d\u2019air : 0 \u00e0 40 m\/s<\/span><br \/>\n<span>R\u00e9tro-\u00e9clairage r\u00e9glable<\/span><br \/>\n<span>Auto-z\u00e9ro manuel<\/span><br \/>\n<span>Simple d\u2019utilisation<\/span><br \/>\n<span>Fonction Hold et valeurs min-max<\/span><br \/>\n<span>Certificat d\u2019\u00e9talonnage<\/span><\/p>\n","protected":false},"excerpt":{"rendered":"<p>Un micromanom\u00e8tre permet de r\u00e9aliser facilement des mesures de pression sur les installations HVAC.<br \/>\nLe MP 120 Kimo est un appareil de mesure portable qui permet de mesurer la pression et la vitesse d&#8217;air.<\/p>\n","protected":false},"featured_media":4972,"template":"","meta":[],"product_brand":[],"product_cat":[107],"product_tag":[],"class_list":{"0":"post-4971","1":"product","2":"type-product","3":"status-publish","4":"has-post-thumbnail","6":"product_cat-micromanometres","8":"first","9":"instock","10":"shipping-taxable","11":"product-type-simple"},"_links":{"self":[{"href":"https:\/\/www.climed.tn\/index.php?rest_route=\/wp\/v2\/product\/4971","targetHints":{"allow":["GET"]}}],"collection":[{"href":"https:\/\/www.climed.tn\/index.php?rest_route=\/wp\/v2\/product"}],"about":[{"href":"https:\/\/www.climed.tn\/index.php?rest_route=\/wp\/v2\/types\/product"}],"wp:featuredmedia":[{"embeddable":true,"href":"https:\/\/www.climed.tn\/index.php?rest_route=\/wp\/v2\/media\/4972"}],"wp:attachment":[{"href":"https:\/\/www.climed.tn\/index.php?rest_route=%2Fwp%2Fv2%2Fmedia&parent=4971"}],"wp:term":[{"taxonomy":"product_brand","embeddable":true,"href":"https:\/\/www.climed.tn\/index.php?rest_route=%2Fwp%2Fv2%2Fproduct_brand&post=4971"},{"taxonomy":"product_cat","embeddable":true,"href":"https:\/\/www.climed.tn\/index.php?rest_route=%2Fwp%2Fv2%2Fproduct_cat&post=4971"},{"taxonomy":"product_tag","embeddable":true,"href":"https:\/\/www.climed.tn\/index.php?rest_route=%2Fwp%2Fv2%2Fproduct_tag&post=4971"}],"curies":[{"name":"wp","href":"https:\/\/api.w.org\/{rel}","templated":true}]}}