{"id":4967,"date":"2020-10-19T15:06:34","date_gmt":"2020-10-19T13:06:34","guid":{"rendered":"https:\/\/www.climed.tn\/?post_type=product&#038;p=4967"},"modified":"2020-10-19T15:08:32","modified_gmt":"2020-10-19T13:08:32","slug":"mp-50-mp-51-micromanometre","status":"publish","type":"product","link":"https:\/\/www.climed.tn\/?product=mp-50-mp-51-micromanometre","title":{"rendered":"MP 50 \/ MP 51 : Micromanom\u00e8tre"},"content":{"rendered":"<p><span>Gamme de mesure : -1000 \u00e0 +1000 Pa<\/span><br \/>\n<span>Fonction Hold<\/span><br \/>\n<span>Auto-z\u00e9ro manuel<\/span><br \/>\n<span>Simple d\u2019utilisation<\/span><br \/>\n<span>Auto-extinction\u202f: 20 minutes<\/span><br \/>\n<span>Certificat d\u2019ajustage<\/span><\/p>\n","protected":false},"excerpt":{"rendered":"<p><span lang=\"FR-FR\" xml:lang=\"FR-FR\"><span>Un\u00a0<\/span><span>micromanom\u00e8tre<\/span><span> permet de r\u00e9aliser facilement des mesures de pression sur les installations HVAC.<\/span><\/span><span><\/span><br \/>\n<span lang=\"FR-FR\" xml:lang=\"FR-FR\"><span>Le MP 50\/51 Kimo\u00a0mesure des diff\u00e9rences de pression infimes, via un capteur pi\u00e9zor\u00e9sistif<\/span><span>.<\/span><\/span><span>\u00a0<\/span><\/p>\n","protected":false},"featured_media":4968,"template":"","meta":[],"product_brand":[],"product_cat":[107],"product_tag":[],"class_list":{"0":"post-4967","1":"product","2":"type-product","3":"status-publish","4":"has-post-thumbnail","6":"product_cat-micromanometres","8":"first","9":"instock","10":"shipping-taxable","11":"product-type-simple"},"_links":{"self":[{"href":"https:\/\/www.climed.tn\/index.php?rest_route=\/wp\/v2\/product\/4967","targetHints":{"allow":["GET"]}}],"collection":[{"href":"https:\/\/www.climed.tn\/index.php?rest_route=\/wp\/v2\/product"}],"about":[{"href":"https:\/\/www.climed.tn\/index.php?rest_route=\/wp\/v2\/types\/product"}],"wp:featuredmedia":[{"embeddable":true,"href":"https:\/\/www.climed.tn\/index.php?rest_route=\/wp\/v2\/media\/4968"}],"wp:attachment":[{"href":"https:\/\/www.climed.tn\/index.php?rest_route=%2Fwp%2Fv2%2Fmedia&parent=4967"}],"wp:term":[{"taxonomy":"product_brand","embeddable":true,"href":"https:\/\/www.climed.tn\/index.php?rest_route=%2Fwp%2Fv2%2Fproduct_brand&post=4967"},{"taxonomy":"product_cat","embeddable":true,"href":"https:\/\/www.climed.tn\/index.php?rest_route=%2Fwp%2Fv2%2Fproduct_cat&post=4967"},{"taxonomy":"product_tag","embeddable":true,"href":"https:\/\/www.climed.tn\/index.php?rest_route=%2Fwp%2Fv2%2Fproduct_tag&post=4967"}],"curies":[{"name":"wp","href":"https:\/\/api.w.org\/{rel}","templated":true}]}}