{"id":4949,"date":"2020-10-19T14:47:10","date_gmt":"2020-10-19T12:47:10","guid":{"rendered":"https:\/\/www.climed.tn\/?post_type=product&#038;p=4949"},"modified":"2020-10-19T14:53:11","modified_gmt":"2020-10-19T12:53:11","slug":"mp-210-micromanometre","status":"publish","type":"product","link":"https:\/\/www.climed.tn\/?product=mp-210-micromanometre","title":{"rendered":"MP 210 : Micromanom\u00e8tre"},"content":{"rendered":"<p><span>Mesure de la pression, de la vitesse et du d\u00e9bit d\u2019air\u00a0<\/span><br \/>\n<span>Deux entr\u00e9es pour temp\u00e9rature Pt100 (de -200 \u00e0 +600 \u00b0C)<\/span><br \/>\n<span>Grand afficheur graphique<\/span><br \/>\n<span>Modules interchangeables<\/span><br \/>\n<span>Jusqu\u2019\u00e0 six mesures en simultan\u00e9<\/span><br \/>\n<span>Certificat d\u2019\u00e9talonnage<\/span><\/p>\n","protected":false},"excerpt":{"rendered":"<p><span>Le micromanom\u00e8tre MP 210 Kimo mesure la pression, la vitesse et le d\u00e9bit d\u2019air, la temp\u00e9rature, la tachym\u00e9trie, les fuites de gaz et le monoxyde de carbone (jusqu\u2019\u00e0 6 mesures simultan\u00e9es).<\/span><\/p>\n","protected":false},"featured_media":4952,"template":"","meta":[],"product_brand":[],"product_cat":[107],"product_tag":[],"class_list":{"0":"post-4949","1":"product","2":"type-product","3":"status-publish","4":"has-post-thumbnail","6":"product_cat-micromanometres","8":"first","9":"instock","10":"shipping-taxable","11":"product-type-simple"},"_links":{"self":[{"href":"https:\/\/www.climed.tn\/index.php?rest_route=\/wp\/v2\/product\/4949","targetHints":{"allow":["GET"]}}],"collection":[{"href":"https:\/\/www.climed.tn\/index.php?rest_route=\/wp\/v2\/product"}],"about":[{"href":"https:\/\/www.climed.tn\/index.php?rest_route=\/wp\/v2\/types\/product"}],"wp:featuredmedia":[{"embeddable":true,"href":"https:\/\/www.climed.tn\/index.php?rest_route=\/wp\/v2\/media\/4952"}],"wp:attachment":[{"href":"https:\/\/www.climed.tn\/index.php?rest_route=%2Fwp%2Fv2%2Fmedia&parent=4949"}],"wp:term":[{"taxonomy":"product_brand","embeddable":true,"href":"https:\/\/www.climed.tn\/index.php?rest_route=%2Fwp%2Fv2%2Fproduct_brand&post=4949"},{"taxonomy":"product_cat","embeddable":true,"href":"https:\/\/www.climed.tn\/index.php?rest_route=%2Fwp%2Fv2%2Fproduct_cat&post=4949"},{"taxonomy":"product_tag","embeddable":true,"href":"https:\/\/www.climed.tn\/index.php?rest_route=%2Fwp%2Fv2%2Fproduct_tag&post=4949"}],"curies":[{"name":"wp","href":"https:\/\/api.w.org\/{rel}","templated":true}]}}