{"id":4925,"date":"2020-10-19T13:10:48","date_gmt":"2020-10-19T11:10:48","guid":{"rendered":"https:\/\/www.climed.tn\/?post_type=product&#038;p=4925"},"modified":"2020-10-19T14:55:28","modified_gmt":"2020-10-19T12:55:28","slug":"lv-50","status":"publish","type":"product","link":"https:\/\/www.climed.tn\/?product=lv-50","title":{"rendered":"LV 50 : Thermo-an\u00e9mom\u00e8tre \u00e0 h\u00e9lice"},"content":{"rendered":"<p style=\"text-align: left;\"><span>Ga<\/span><span>mme de mesure : vitesse d\u2019air : 0,3 \u00e0 35 m\/s, et temp\u00e9rature\u202f: -20 \u00e0 +80 \u00b0C<\/span><br \/>\n<span>Fonction Hold<\/span><br \/>\n<span>Auto-extinction\u202f: 20 minutes<\/span><br \/>\n<span>Simple d\u2019utilisation<\/span><br \/>\n<span>H\u00e9lice int\u00e9gr\u00e9e<\/span><br \/>\n<span>Certificat d\u2019ajustage<\/span><\/p>\n","protected":false},"excerpt":{"rendered":"<p>Le thermo-an\u00e9mom\u00e8tre portable LV 50 Kimo permet la mesure de la vitesse et de la temp\u00e9rature de l\u2019air, ainsi que la d\u00e9tection du sens du flux d\u2019air<\/p>\n","protected":false},"featured_media":4926,"template":"","meta":[],"product_brand":[],"product_cat":[79],"product_tag":[],"class_list":{"0":"post-4925","1":"product","2":"type-product","3":"status-publish","4":"has-post-thumbnail","6":"product_cat-anemometres","8":"first","9":"instock","10":"shipping-taxable","11":"product-type-simple"},"_links":{"self":[{"href":"https:\/\/www.climed.tn\/index.php?rest_route=\/wp\/v2\/product\/4925","targetHints":{"allow":["GET"]}}],"collection":[{"href":"https:\/\/www.climed.tn\/index.php?rest_route=\/wp\/v2\/product"}],"about":[{"href":"https:\/\/www.climed.tn\/index.php?rest_route=\/wp\/v2\/types\/product"}],"wp:featuredmedia":[{"embeddable":true,"href":"https:\/\/www.climed.tn\/index.php?rest_route=\/wp\/v2\/media\/4926"}],"wp:attachment":[{"href":"https:\/\/www.climed.tn\/index.php?rest_route=%2Fwp%2Fv2%2Fmedia&parent=4925"}],"wp:term":[{"taxonomy":"product_brand","embeddable":true,"href":"https:\/\/www.climed.tn\/index.php?rest_route=%2Fwp%2Fv2%2Fproduct_brand&post=4925"},{"taxonomy":"product_cat","embeddable":true,"href":"https:\/\/www.climed.tn\/index.php?rest_route=%2Fwp%2Fv2%2Fproduct_cat&post=4925"},{"taxonomy":"product_tag","embeddable":true,"href":"https:\/\/www.climed.tn\/index.php?rest_route=%2Fwp%2Fv2%2Fproduct_tag&post=4925"}],"curies":[{"name":"wp","href":"https:\/\/api.w.org\/{rel}","templated":true}]}}