{"id":4780,"date":"2019-03-19T15:55:13","date_gmt":"2019-03-19T14:55:13","guid":{"rendered":"http:\/\/climed.novatis.org\/?post_type=product&#038;p=4780"},"modified":"2023-12-19T16:47:54","modified_gmt":"2023-12-19T15:47:54","slug":"fg-110-detecteur-de-fuite-de-gaz","status":"publish","type":"product","link":"https:\/\/www.climed.tn\/?product=fg-110-detecteur-de-fuite-de-gaz","title":{"rendered":"Si-CD3 : D\u00e9tecteur de fuite de gaz"},"content":{"rendered":"<p><span>D\u00e9tecte la plupart des gaz combustibles<\/span><br \/>\n<span>Sonde flexible de 30 cm<\/span><br \/>\n<span>Alarme param\u00e9trable<\/span><br \/>\n<span>Ecran LCD \u00e0 r\u00e9tro\u00e9clairage r\u00e9glable<\/span><\/p>\n","protected":false},"excerpt":{"rendered":"<div class=\"clearfix text-formatted field field--name-field-description field--type-text-long field--label-hidden field__item\">\n<p>Le d\u00e9tecteur de fuite de gaz Si-CD3 est l\u2019outil parfait pour la d\u00e9tection rapide et facile de la moindre fuite de nombreux gaz combustibles (m\u00e9thane, propane, isobutane, GPL et autres hydrocarbures). Il dispose d\u2019un \u00e9cran LCD \u00e0 r\u00e9tro\u00e9clairage r\u00e9glable pour une ergonomie maximale. Le Si-CD3 dispose aussi d\u2019une alarme param\u00e9trable visuelle et auditive, sans oublier sa sonde flexible de 30 cm qui permet d\u2019atteindre facilement tous les recoins d\u2019un circuit de chauffage, de climatisation ou de r\u00e9frig\u00e9ration.<\/p>\n<\/div>\n","protected":false},"featured_media":6086,"template":"","meta":[],"product_brand":[],"product_cat":[78],"product_tag":[],"class_list":{"0":"post-4780","1":"product","2":"type-product","3":"status-publish","4":"has-post-thumbnail","6":"product_cat-detecteurs-de-gaz","8":"first","9":"instock","10":"shipping-taxable","11":"product-type-simple"},"_links":{"self":[{"href":"https:\/\/www.climed.tn\/index.php?rest_route=\/wp\/v2\/product\/4780","targetHints":{"allow":["GET"]}}],"collection":[{"href":"https:\/\/www.climed.tn\/index.php?rest_route=\/wp\/v2\/product"}],"about":[{"href":"https:\/\/www.climed.tn\/index.php?rest_route=\/wp\/v2\/types\/product"}],"wp:featuredmedia":[{"embeddable":true,"href":"https:\/\/www.climed.tn\/index.php?rest_route=\/wp\/v2\/media\/6086"}],"wp:attachment":[{"href":"https:\/\/www.climed.tn\/index.php?rest_route=%2Fwp%2Fv2%2Fmedia&parent=4780"}],"wp:term":[{"taxonomy":"product_brand","embeddable":true,"href":"https:\/\/www.climed.tn\/index.php?rest_route=%2Fwp%2Fv2%2Fproduct_brand&post=4780"},{"taxonomy":"product_cat","embeddable":true,"href":"https:\/\/www.climed.tn\/index.php?rest_route=%2Fwp%2Fv2%2Fproduct_cat&post=4780"},{"taxonomy":"product_tag","embeddable":true,"href":"https:\/\/www.climed.tn\/index.php?rest_route=%2Fwp%2Fv2%2Fproduct_tag&post=4780"}],"curies":[{"name":"wp","href":"https:\/\/api.w.org\/{rel}","templated":true}]}}