{"id":4778,"date":"2019-03-19T15:53:04","date_gmt":"2019-03-19T14:53:04","guid":{"rendered":"http:\/\/climed.novatis.org\/?post_type=product&#038;p=4778"},"modified":"2020-10-28T13:21:12","modified_gmt":"2020-10-28T12:21:12","slug":"hm-50-humidimetre-a-pontes","status":"publish","type":"product","link":"https:\/\/www.climed.tn\/?product=hm-50-humidimetre-a-pontes","title":{"rendered":"HM 50 : Humidim\u00e8tre \u00e0 pontes"},"content":{"rendered":"<p>Simple d\u2019utilisation<br \/>\nFonction Hold<br \/>\nCompatible avec le bois (9 \u00e0 90\u202f%), le pl\u00e2tre (0 \u00e0 15\u202f%), la brique et le b\u00e9ton (0 \u00e0 15\u202f%)<br \/>\nAuto-extinction\u202f: 20 minutes<br \/>\nLivr\u00e9 avec 2 jeux de pointes<br \/>\nCertificat d\u2019ajustage<\/p>\n","protected":false},"excerpt":{"rendered":"<p>Un hygrom\u00e8tre \u00e0 pointes comporte g\u00e9n\u00e9ralement deux pointes m\u00e9talliques destin\u00e9es \u00e0 \u00eatre enfonc\u00e9es \u00e0 la surface d\u2019un mat\u00e9riau pour mesurer l\u2019humidit\u00e9.<br \/>\nL\u2019hygrom\u00e8tre \u00e0 pointes HM 50 Kimo permet d\u2019effectuer avec pr\u00e9cision des calculs et des mesures de taux d\u2019humidit\u00e9 sur la brique, le bois, le pl\u00e2tre et le b\u00e9ton.<\/p>\n","protected":false},"featured_media":4779,"template":"","meta":[],"product_brand":[],"product_cat":[77],"product_tag":[],"class_list":{"0":"post-4778","1":"product","2":"type-product","3":"status-publish","4":"has-post-thumbnail","6":"product_cat-humidimetres-a-pointes","8":"first","9":"instock","10":"shipping-taxable","11":"product-type-simple"},"_links":{"self":[{"href":"https:\/\/www.climed.tn\/index.php?rest_route=\/wp\/v2\/product\/4778","targetHints":{"allow":["GET"]}}],"collection":[{"href":"https:\/\/www.climed.tn\/index.php?rest_route=\/wp\/v2\/product"}],"about":[{"href":"https:\/\/www.climed.tn\/index.php?rest_route=\/wp\/v2\/types\/product"}],"wp:featuredmedia":[{"embeddable":true,"href":"https:\/\/www.climed.tn\/index.php?rest_route=\/wp\/v2\/media\/4779"}],"wp:attachment":[{"href":"https:\/\/www.climed.tn\/index.php?rest_route=%2Fwp%2Fv2%2Fmedia&parent=4778"}],"wp:term":[{"taxonomy":"product_brand","embeddable":true,"href":"https:\/\/www.climed.tn\/index.php?rest_route=%2Fwp%2Fv2%2Fproduct_brand&post=4778"},{"taxonomy":"product_cat","embeddable":true,"href":"https:\/\/www.climed.tn\/index.php?rest_route=%2Fwp%2Fv2%2Fproduct_cat&post=4778"},{"taxonomy":"product_tag","embeddable":true,"href":"https:\/\/www.climed.tn\/index.php?rest_route=%2Fwp%2Fv2%2Fproduct_tag&post=4778"}],"curies":[{"name":"wp","href":"https:\/\/api.w.org\/{rel}","templated":true}]}}