{"id":4764,"date":"2019-03-19T15:34:21","date_gmt":"2019-03-19T14:34:21","guid":{"rendered":"http:\/\/climed.novatis.org\/?post_type=product&#038;p=4764"},"modified":"2020-10-28T11:12:49","modified_gmt":"2020-10-28T10:12:49","slug":"gh-500-generateur-dhygrometrie","status":"publish","type":"product","link":"https:\/\/www.climed.tn\/?product=gh-500-generateur-dhygrometrie","title":{"rendered":"GH 500 : G\u00e9n\u00e9rateur d&#8217;hygrom\u00e9trie"},"content":{"rendered":"<p>Utilisation simple et rapide<br \/>\n\u00c9talonnage de plusieurs appareils en simultan\u00e9<br \/>\nCh\u00e2ssis en aluminium<br \/>\nChambre de mesure ventil\u00e9e multi-sonde<br \/>\n\u00c9talon transportable<br \/>\nSonde de r\u00e9gulation interchangeable<\/p>\n","protected":false},"excerpt":{"rendered":"<p>Destin\u00e9 aux professionnels de la m\u00e9trologie, un g\u00e9n\u00e9rateur d&#8217;hygrom\u00e9trie permet l&#8217;\u00e9talonnage d\u2019instruments de mesure d\u2019hygrom\u00e9trie en laboratoire ou sur site. Le GH 500 Kimo est l&#8217;instrument id\u00e9al pour l\u2019ajustage et l\u2019\u00e9talonnage d\u2019instruments de mesure en laboratoire ou sur site. Il offre une gamme de mesure de 5 \u00e0 95 %HR et de -20 \u00e0 +80 \u00b0C.<\/p>\n","protected":false},"featured_media":4749,"template":"","meta":[],"product_brand":[],"product_cat":[71],"product_tag":[],"class_list":{"0":"post-4764","1":"product","2":"type-product","3":"status-publish","4":"has-post-thumbnail","6":"product_cat-bancs-de-calibration","8":"first","9":"instock","10":"shipping-taxable","11":"product-type-simple"},"_links":{"self":[{"href":"https:\/\/www.climed.tn\/index.php?rest_route=\/wp\/v2\/product\/4764","targetHints":{"allow":["GET"]}}],"collection":[{"href":"https:\/\/www.climed.tn\/index.php?rest_route=\/wp\/v2\/product"}],"about":[{"href":"https:\/\/www.climed.tn\/index.php?rest_route=\/wp\/v2\/types\/product"}],"wp:featuredmedia":[{"embeddable":true,"href":"https:\/\/www.climed.tn\/index.php?rest_route=\/wp\/v2\/media\/4749"}],"wp:attachment":[{"href":"https:\/\/www.climed.tn\/index.php?rest_route=%2Fwp%2Fv2%2Fmedia&parent=4764"}],"wp:term":[{"taxonomy":"product_brand","embeddable":true,"href":"https:\/\/www.climed.tn\/index.php?rest_route=%2Fwp%2Fv2%2Fproduct_brand&post=4764"},{"taxonomy":"product_cat","embeddable":true,"href":"https:\/\/www.climed.tn\/index.php?rest_route=%2Fwp%2Fv2%2Fproduct_cat&post=4764"},{"taxonomy":"product_tag","embeddable":true,"href":"https:\/\/www.climed.tn\/index.php?rest_route=%2Fwp%2Fv2%2Fproduct_tag&post=4764"}],"curies":[{"name":"wp","href":"https:\/\/api.w.org\/{rel}","templated":true}]}}