{"id":4760,"date":"2019-03-19T13:33:11","date_gmt":"2019-03-19T12:33:11","guid":{"rendered":"http:\/\/climed.novatis.org\/?post_type=product&#038;p=4760"},"modified":"2023-08-18T13:18:08","modified_gmt":"2023-08-18T11:18:08","slug":"ami-310-multi-parametres","status":"publish","type":"product","link":"https:\/\/www.climed.tn\/?product=ami-310-multi-parametres","title":{"rendered":"AMI 310 : Multi param\u00e8tres"},"content":{"rendered":"<p>Mesure de l\u2019hygrom\u00e9trie, la temp\u00e9rature, le CO2, le CO, la vitesse d\u2019air, le d\u00e9bit d\u2019air, la pression et la tachym\u00e9trie (selon mod\u00e8le et sonde)<br \/>\nModules interchangeables<br \/>\nM\u00e9moire extensible par carte micro-SD<br \/>\nDeux entr\u00e9es pour temp\u00e9rature Pt100 (de -200 \u00e0 +600 \u00b0C)<br \/>\nJusqu\u2019\u00e0 six mesures en simultan\u00e9<br \/>\nCertificat d\u2019\u00e9talonnage<\/p>\n","protected":false},"excerpt":{"rendered":"<p>L&#8217;AMI 310 Kimo mesure en simultan\u00e9 des param\u00e8tres tels que la pression, la temp\u00e9rature (Pt100 et thermocouple), l\u2019humidit\u00e9, la qualit\u00e9 d\u2019air (CO\/CO2), la vitesse d\u2019air, le d\u00e9bit d\u2019air (sondes \u00e0 h\u00e9lice et fil chaud), et la tachym\u00e9trie.<\/p>\n","protected":false},"featured_media":4743,"template":"","meta":[],"product_brand":[],"product_cat":[117],"product_tag":[],"class_list":{"0":"post-4760","1":"product","2":"type-product","3":"status-publish","4":"has-post-thumbnail","6":"product_cat-multifonctions","8":"first","9":"instock","10":"shipping-taxable","11":"product-type-simple"},"_links":{"self":[{"href":"https:\/\/www.climed.tn\/index.php?rest_route=\/wp\/v2\/product\/4760","targetHints":{"allow":["GET"]}}],"collection":[{"href":"https:\/\/www.climed.tn\/index.php?rest_route=\/wp\/v2\/product"}],"about":[{"href":"https:\/\/www.climed.tn\/index.php?rest_route=\/wp\/v2\/types\/product"}],"wp:featuredmedia":[{"embeddable":true,"href":"https:\/\/www.climed.tn\/index.php?rest_route=\/wp\/v2\/media\/4743"}],"wp:attachment":[{"href":"https:\/\/www.climed.tn\/index.php?rest_route=%2Fwp%2Fv2%2Fmedia&parent=4760"}],"wp:term":[{"taxonomy":"product_brand","embeddable":true,"href":"https:\/\/www.climed.tn\/index.php?rest_route=%2Fwp%2Fv2%2Fproduct_brand&post=4760"},{"taxonomy":"product_cat","embeddable":true,"href":"https:\/\/www.climed.tn\/index.php?rest_route=%2Fwp%2Fv2%2Fproduct_cat&post=4760"},{"taxonomy":"product_tag","embeddable":true,"href":"https:\/\/www.climed.tn\/index.php?rest_route=%2Fwp%2Fv2%2Fproduct_tag&post=4760"}],"curies":[{"name":"wp","href":"https:\/\/api.w.org\/{rel}","templated":true}]}}