{"id":4759,"date":"2019-03-19T13:31:16","date_gmt":"2019-03-19T12:31:16","guid":{"rendered":"http:\/\/climed.novatis.org\/?post_type=product&#038;p=4759"},"modified":"2023-08-18T12:17:13","modified_gmt":"2023-08-18T10:17:13","slug":"gamme-mg-manometres-a-colonne-de-liquide-inclinee","status":"publish","type":"product","link":"https:\/\/www.climed.tn\/?product=gamme-mg-manometres-a-colonne-de-liquide-inclinee","title":{"rendered":"S\u00e9rie MG : Manom\u00e8tres \u00e0 colonne de liquide inclin\u00e9e"},"content":{"rendered":"<p><span>Ajustement du z\u00e9ro par d\u00e9placement de la r\u00e9glette mobile<\/span><br \/>\n<span>Niveau \u00e0 bulle int\u00e9gr\u00e9 pour le r\u00e9glage de l&#8217;horizontalit\u00e9<\/span><br \/>\n<span>R\u00e9servoir de s\u00e9curit\u00e9 permettant le d\u00e9passement momentan\u00e9 de l&#8217;\u00e9chelle<\/span><br \/>\n<span>Livr\u00e9s avec un support PVC blanc, deux vis et deux chevilles de fixation, deux raccords 487 et un flacon de liquide manom\u00e9trique AWS.10<\/span><\/p>\n","protected":false},"excerpt":{"rendered":"<p>Les appareils de la s\u00e9rie MG Kimo\u00a0sont des manom\u00e8tres \u00e0 colonne de liquide inclin\u00e9e \u00e0 liquide AWS.10 de densit\u00e9 0,87.<br \/>\nIls permettent de mesurer les faibles variations de pression, d\u00e9pression ou pression diff\u00e9rentielle d&#8217;air ou de gaz.<\/p>\n","protected":false},"featured_media":4741,"template":"","meta":[],"product_brand":[],"product_cat":[15,108],"product_tag":[],"class_list":{"0":"post-4759","1":"product","2":"type-product","3":"status-publish","4":"has-post-thumbnail","6":"product_cat-manometres","7":"product_cat-manometres-a-colonne-de-liquide","9":"first","10":"instock","11":"shipping-taxable","12":"product-type-simple"},"_links":{"self":[{"href":"https:\/\/www.climed.tn\/index.php?rest_route=\/wp\/v2\/product\/4759","targetHints":{"allow":["GET"]}}],"collection":[{"href":"https:\/\/www.climed.tn\/index.php?rest_route=\/wp\/v2\/product"}],"about":[{"href":"https:\/\/www.climed.tn\/index.php?rest_route=\/wp\/v2\/types\/product"}],"wp:featuredmedia":[{"embeddable":true,"href":"https:\/\/www.climed.tn\/index.php?rest_route=\/wp\/v2\/media\/4741"}],"wp:attachment":[{"href":"https:\/\/www.climed.tn\/index.php?rest_route=%2Fwp%2Fv2%2Fmedia&parent=4759"}],"wp:term":[{"taxonomy":"product_brand","embeddable":true,"href":"https:\/\/www.climed.tn\/index.php?rest_route=%2Fwp%2Fv2%2Fproduct_brand&post=4759"},{"taxonomy":"product_cat","embeddable":true,"href":"https:\/\/www.climed.tn\/index.php?rest_route=%2Fwp%2Fv2%2Fproduct_cat&post=4759"},{"taxonomy":"product_tag","embeddable":true,"href":"https:\/\/www.climed.tn\/index.php?rest_route=%2Fwp%2Fv2%2Fproduct_tag&post=4759"}],"curies":[{"name":"wp","href":"https:\/\/api.w.org\/{rel}","templated":true}]}}