{"id":2,"date":"2018-12-19T17:27:56","date_gmt":"2018-12-19T16:27:56","guid":{"rendered":"http:\/\/climed.novatis.org\/?page_id=2"},"modified":"2023-01-02T17:07:53","modified_gmt":"2023-01-02T16:07:53","slug":"services","status":"publish","type":"page","link":"https:\/\/www.climed.tn\/?page_id=2","title":{"rendered":"Services"},"content":{"rendered":"<section class=\"wpb-content-wrapper\"><p>[vc_row css=&#8221;.vc_custom_1559037031247{padding-top: 60px !important;}&#8221;][vc_column][vc_custom_heading text=&#8221;CLIMED&#8221; font_container=&#8221;tag:h3|text_align:left|color:%23192363&#8243; use_theme_fonts=&#8221;yes&#8221;][vc_empty_space][vc_column_text]Est sp\u00e9cialis\u00e9e en conception et qualification des salles propres pour l&#8217;industrie et la sant\u00e9<br \/>\nLes prestations propos\u00e9es sont :[\/vc_column_text][vc_empty_space][\/vc_column][\/vc_row][vc_row full_width=&#8221;stretch_row_content_no_spaces&#8221; equal_height=&#8221;yes&#8221; content_placement=&#8221;middle&#8221; css=&#8221;.vc_custom_1559037090236{background-color: #f5f5f5 !important;}&#8221;][vc_column width=&#8221;1\/2&#8243; css=&#8221;.vc_custom_1559036914006{padding-top: 0px !important;}&#8221;][vc_single_image image=&#8221;4855&#8243; img_size=&#8221;full&#8221; alignment=&#8221;center&#8221; onclick=&#8221;link_image&#8221; css_animation=&#8221;none&#8221; css=&#8221;.vc_custom_1559037223042{margin-bottom: 0px !important;}&#8221; el_class=&#8221;service-image&#8221;][\/vc_column][vc_column width=&#8221;1\/2&#8243; css=&#8221;.vc_custom_1559036417374{padding-right: 18% !important;padding-left: 6% !important;}&#8221;][vc_column_text css=&#8221;.vc_custom_1559036636764{margin-bottom: 0px !important;}&#8221;]<\/p>\n<ul class=\"list-style-01\">\n<li>Conception de base des unit\u00e9s de production Pharma<\/li>\n<li>Revue et qualification de conception<\/li>\n<li>Suivi de r\u00e9alisation<\/li>\n<li>Qualification des installations<\/li>\n<li>Elaboration des dossiers qualit\u00e9s selon le cadre exig\u00e9 (BPF, BPL, BPP, NFS 90351, etc.)<\/li>\n<\/ul>\n<p>[\/vc_column_text][\/vc_column][\/vc_row][vc_row full_width=&#8221;stretch_row_content_no_spaces&#8221; equal_height=&#8221;yes&#8221; content_placement=&#8221;middle&#8221; css=&#8221;.vc_custom_1559037099607{background-color: #f5f5f5 !important;}&#8221;][vc_column width=&#8221;1\/2&#8243; css=&#8221;.vc_custom_1559036424774{padding-right: 6% !important;padding-left: 18% !important;}&#8221;][vc_column_text css=&#8221;.vc_custom_1559036629505{margin-bottom: 0px !important;}&#8221;]<\/p>\n<ul class=\"list-style-01\">\n<li>R\u00e9alisation des contr\u00f4les et des validations des syst\u00e8mes HVAC, Eau Purifi\u00e9e et Air Comprim\u00e9 selon le r\u00e9f\u00e9rentiel de chaque syst\u00e8me<\/li>\n<li>M\u00e9trologie<\/li>\n<li>Expertise et conseil en conception et en exploitation des salles propres<\/li>\n<li>Remise \u00e0 niveau des unit\u00e9s industriels et ou des installations<\/li>\n<\/ul>\n<p>[\/vc_column_text][\/vc_column][vc_column width=&#8221;1\/2&#8243; css=&#8221;.vc_custom_1559037149851{padding-top: 0px !important;}&#8221;][vc_single_image image=&#8221;4856&#8243; img_size=&#8221;full&#8221; alignment=&#8221;center&#8221; onclick=&#8221;link_image&#8221; css_animation=&#8221;none&#8221; css=&#8221;.vc_custom_1559037204774{margin-bottom: 0px !important;}&#8221; el_class=&#8221;service-image&#8221;][\/vc_column][\/vc_row]<\/p>\n<\/section>","protected":false},"excerpt":{"rendered":"<p>[vc_row css=&#8221;.vc_custom_1559037031247{padding-top: 60px !important;}&#8221;][vc_column][vc_custom_heading text=&#8221;CLIMED&#8221; font_container=&#8221;tag:h3|text_align:left|color:%23192363&#8243; use_theme_fonts=&#8221;yes&#8221;][vc_empty_space][vc_column_text]Est sp\u00e9cialis\u00e9e en conception et qualification des salles propres pour l&#8217;industrie et la sant\u00e9 Les prestations propos\u00e9es sont :[\/vc_column_text][vc_empty_space][\/vc_column][\/vc_row][vc_row full_width=&#8221;stretch_row_content_no_spaces&#8221; equal_height=&#8221;yes&#8221; content_placement=&#8221;middle&#8221; css=&#8221;.vc_custom_1559037090236{background-color: #f5f5f5 !important;}&#8221;][vc_column width=&#8221;1\/2&#8243; css=&#8221;.vc_custom_1559036914006{padding-top: 0px !important;}&#8221;][vc_single_image image=&#8221;4855&#8243; img_size=&#8221;full&#8221; alignment=&#8221;center&#8221; onclick=&#8221;link_image&#8221; css_animation=&#8221;none&#8221; css=&#8221;.vc_custom_1559037223042{margin-bottom: 0px !important;}&#8221; el_class=&#8221;service-image&#8221;][\/vc_column][vc_column width=&#8221;1\/2&#8243; css=&#8221;.vc_custom_1559036417374{padding-right: 18% !important;padding-left: 6% !important;}&#8221;][vc_column_text [&hellip;]<\/p>\n","protected":false},"author":1,"featured_media":0,"parent":0,"menu_order":0,"comment_status":"closed","ping_status":"open","template":"","meta":{"footnotes":""},"yst_prominent_words":[],"class_list":["post-2","page","type-page","status-publish","hentry"],"_links":{"self":[{"href":"https:\/\/www.climed.tn\/index.php?rest_route=\/wp\/v2\/pages\/2","targetHints":{"allow":["GET"]}}],"collection":[{"href":"https:\/\/www.climed.tn\/index.php?rest_route=\/wp\/v2\/pages"}],"about":[{"href":"https:\/\/www.climed.tn\/index.php?rest_route=\/wp\/v2\/types\/page"}],"author":[{"embeddable":true,"href":"https:\/\/www.climed.tn\/index.php?rest_route=\/wp\/v2\/users\/1"}],"replies":[{"embeddable":true,"href":"https:\/\/www.climed.tn\/index.php?rest_route=%2Fwp%2Fv2%2Fcomments&post=2"}],"version-history":[{"count":19,"href":"https:\/\/www.climed.tn\/index.php?rest_route=\/wp\/v2\/pages\/2\/revisions"}],"predecessor-version":[{"id":4864,"href":"https:\/\/www.climed.tn\/index.php?rest_route=\/wp\/v2\/pages\/2\/revisions\/4864"}],"wp:attachment":[{"href":"https:\/\/www.climed.tn\/index.php?rest_route=%2Fwp%2Fv2%2Fmedia&parent=2"}],"wp:term":[{"taxonomy":"yst_prominent_words","embeddable":true,"href":"https:\/\/www.climed.tn\/index.php?rest_route=%2Fwp%2Fv2%2Fyst_prominent_words&post=2"}],"curies":[{"name":"wp","href":"https:\/\/api.w.org\/{rel}","templated":true}]}}